{"id":3324,"date":"2019-07-22T16:57:54","date_gmt":"2019-07-22T14:57:54","guid":{"rendered":"https:\/\/www.agriturismofaucci.it\/iscrizione-newsletter\/"},"modified":"2019-10-04T17:06:15","modified_gmt":"2019-10-04T15:06:15","slug":"newsletter-abonnieren","status":"publish","type":"page","link":"https:\/\/www.agriturismofaucci.it\/de\/newsletter-abonnieren\/","title":{"rendered":"Newsletter Abonnieren"},"content":{"rendered":"<div class=\"wpb-content-wrapper\"><p>[vc_row full_width=&#8221;stretch_row&#8221; el_class=&#8221;shadobot&#8221; css=&#8221;.vc_custom_1563809540249{background-image: url(https:\/\/www.agriturismofaucci.it\/wp-content\/uploads\/header_appartamenti.jpg?id=2357) !important;background-position: center !important;background-repeat: no-repeat !important;background-size: cover !important;}&#8221;][vc_column][vc_empty_space height=&#8221;400px&#8221;][\/vc_column][\/vc_row][vc_row full_width=&#8221;stretch_row&#8221; css=&#8221;.vc_custom_1570202024965{padding-bottom: 50px !important;background-color: #f2f2f2 !important;}&#8221;][vc_column]<div class=\"rt-vc-text-title  style1\" style=\"\">\n\t\t\t<h2 class=\"rtin-title\">Newsletter Abonnieren<\/h2>\n\t\t\t<\/div>\n<div class=\"wpcf7 no-js\" id=\"wpcf7-f3438-o1\" lang=\"de-DE\" dir=\"ltr\" data-wpcf7-id=\"3438\">\n<div class=\"screen-reader-response\"><p role=\"status\" aria-live=\"polite\" aria-atomic=\"true\"><\/p> <ul><\/ul><\/div>\n<form action=\"\/de\/wp-json\/wp\/v2\/pages\/3324#wpcf7-f3438-o1\" method=\"post\" class=\"wpcf7-form init\" aria-label=\"Kontaktformular\" novalidate=\"novalidate\" data-status=\"init\">\n<fieldset class=\"hidden-fields-container\"><input type=\"hidden\" name=\"_wpcf7\" value=\"3438\" \/><input type=\"hidden\" name=\"_wpcf7_version\" value=\"6.1\" \/><input type=\"hidden\" name=\"_wpcf7_locale\" value=\"de_DE\" \/><input type=\"hidden\" name=\"_wpcf7_unit_tag\" value=\"wpcf7-f3438-o1\" \/><input type=\"hidden\" name=\"_wpcf7_container_post\" value=\"0\" \/><input type=\"hidden\" name=\"_wpcf7_posted_data_hash\" value=\"\" \/><input type=\"hidden\" name=\"_wpcf7cf_hidden_group_fields\" value=\"[]\" \/><input type=\"hidden\" name=\"_wpcf7cf_hidden_groups\" value=\"[]\" \/><input type=\"hidden\" name=\"_wpcf7cf_visible_groups\" value=\"[]\" \/><input type=\"hidden\" name=\"_wpcf7cf_repeaters\" value=\"[]\" \/><input type=\"hidden\" name=\"_wpcf7cf_steps\" value=\"{}\" \/><input type=\"hidden\" name=\"_wpcf7cf_options\" value=\"{&quot;form_id&quot;:3438,&quot;conditions&quot;:[],&quot;settings&quot;:{&quot;animation&quot;:&quot;yes&quot;,&quot;animation_intime&quot;:200,&quot;animation_outtime&quot;:200,&quot;conditions_ui&quot;:&quot;normal&quot;,&quot;notice_dismissed&quot;:false,&quot;notice_dismissed_update-cf7-5.6.3&quot;:true,&quot;notice_dismissed_update-cf7-5.8.2&quot;:true}}\" \/><input type=\"hidden\" name=\"_wpcf7_recaptcha_response\" value=\"\" \/>\n<\/fieldset>\n<style>.informativa p{font-size:0.9em; line-height:1.2em; color:#999999;}\n<\/style>\n<div class=\"contact-form-2\">\n\t<div class=\"cf2-content-area\">\n\t\t<div class=\"row\">\n\t\t\t<div class=\"col-lg-3 col-md-6 col-sm-12\">\n\t\t\t\t<div class=\"form-group\">\n\t\t\t\t\t<p><span class=\"wpcf7-form-control-wrap\" data-name=\"nome\"><input size=\"40\" maxlength=\"400\" class=\"wpcf7-form-control wpcf7-text wpcf7-validates-as-required form-control\" aria-required=\"true\" aria-invalid=\"false\" placeholder=\"Name *\" value=\"\" type=\"text\" name=\"nome\" \/><\/span>\n\t\t\t\t\t<\/p>\n\t\t\t\t<\/div>\n\t\t\t<\/div>\n\t\t\t<div class=\"col-lg-3 col-md-6 col-sm-12\">\n\t\t\t\t<div class=\"form-group\">\n\t\t\t\t\t<p><span class=\"wpcf7-form-control-wrap\" data-name=\"cognome\"><input size=\"40\" maxlength=\"400\" class=\"wpcf7-form-control wpcf7-text wpcf7-validates-as-required form-control\" aria-required=\"true\" aria-invalid=\"false\" placeholder=\"Nachname *\" value=\"\" type=\"text\" name=\"cognome\" \/><\/span>\n\t\t\t\t\t<\/p>\n\t\t\t\t<\/div>\n\t\t\t<\/div>\n\t\t\t<div class=\"col-lg-3 col-md-6 col-sm-12\">\n\t\t\t\t<div class=\"form-group\">\n\t\t\t\t\t<p><span class=\"wpcf7-form-control-wrap\" data-name=\"user-email\"><input size=\"40\" maxlength=\"400\" class=\"wpcf7-form-control wpcf7-email wpcf7-validates-as-required wpcf7-text wpcf7-validates-as-email form-control\" aria-required=\"true\" aria-invalid=\"false\" placeholder=\"Email *\" value=\"\" type=\"email\" name=\"user-email\" \/><\/span>\n\t\t\t\t\t<\/p>\n\t\t\t\t<\/div>\n\t\t\t<\/div>\n\t\t\t<div class=\"col-lg-3 col-md-6 col-sm-12\">\n\t\t\t\t<div class=\"form-group\">\n\t\t\t\t\t<p><span class=\"wpcf7-form-control-wrap\" data-name=\"telefono\"><input size=\"40\" maxlength=\"400\" class=\"wpcf7-form-control wpcf7-text form-control\" aria-invalid=\"false\" placeholder=\"Telefon\" value=\"\" type=\"text\" name=\"telefono\" \/><\/span>\n\t\t\t\t\t<\/p>\n\t\t\t\t<\/div>\n\t\t\t<\/div>\n\t\t\t<div class=\"col-lg-12 col-md-12 col-sm-12\">\n\t\t\t\t<p>&nbsp;\n\t\t\t\t<\/p>\n\t\t\t<\/div>\n\t\t\t<div class=\"col-lg-12 col-md-12 col-sm-12\">\n\t\t\t\t<div class=\"form-group informativa\">\n\t\t\t\t\t<p>INFORMATIONEN ZUR VERARBEITUNG PERS\u00d6NLICHER DATEN<br \/>\ngem\u00e4\u00df Artikel 13 der Verordnung (EU) 2016\/679\n\t\t\t\t\t<\/p>\n\t\t\t\t\t<p>Der Newsletter des Agriturismo Faucci wird automatisch und kostenlos per E-Mail an diejenigen verschickt, die ihn durch Ausf\u00fcllen des Formulars auf dieser Seite erhalten m\u00f6chten.\n\t\t\t\t\t<\/p>\n\t\t\t\t\t<p>Die zur Verf\u00fcgung gestellten Daten werden mit IT- und Telematik-Tools ausschlie\u00dflich zum Zwecke der Erbringung der gew\u00fcnschten Leistung verwendet und aus diesem Grund ausschlie\u00dflich f\u00fcr den Zeitraum aufbewahrt, in dem sie aktiv sind.\n\t\t\t\t\t<\/p>\n\t\t\t\t\t<p>Die Rechtsgrundlage f\u00fcr diese Behandlung sind die von Ihnen angeforderten Dienste, die Informationen zu Ihrem Aufenthalt, Ihren Vorlieben, Angeboten f\u00fcr Familien, Buchungen f\u00fcr Aufenthalte oder Zusatzleistungen, weitere Informationen zu den von Ihnen angebotenen und \/ oder angebotenen Angeboten und Paketen enthalten erforderlich.\n\t\t\t\t\t<\/p>\n\t\t\t\t\t<p>Der Inhaber der Verarbeitung personenbezogener Daten ist das AGRITURISMO FAUCCI CASE E APPARTAMENTI PER VACANZE, Via degli Alzi, n.100 \u2013 57034 Campo Nell'Elba (LI) tel. +39 392.0923678 \u2013 email: info@agriturismofaucci.it\n\t\t\t\t\t<\/p>\n\t\t\t\t\t<p>Die Daten werden ausschlie\u00dflich von den Mitarbeitern des Ferienorts verarbeitet, die f\u00fcr die Verarbeitung, Erhebung, Verarbeitung und Archivierung der Daten und \/ oder von externen Kooperationsunternehmen, die ausdr\u00fccklich als Datenverarbeiter benannt sind (zum Beispiel f\u00fcr den technologischen Wartungsbedarf des Standorts, Wirtschaftspr\u00fcfungsgesellschaften, Rechtsanw\u00e4lte f\u00fcr eine Kontrolle, Steuerberater).\n\t\t\t\t\t<\/p>\n\t\t\t\t\t<p>Interessenten haben das Recht, in den vorgesehenen F\u00e4llen Zugang zu personenbezogenen Daten des AGRITURISMO FAUCCI, zu erhalten und diese zu korrigieren oder zu stornieren oder die sie betreffende Verarbeitung einzuschr\u00e4nken oder der Verarbeitung zu widersprechen (Artikel 15 und folgende) Regulations). Der spezifische Antrag kann schriftlich eingereicht werden (Daten siehe oben) oder durch Kontaktaufnahme mit dem Datenverantwortlichen oder dem Datenverarbeiter unter der folgenden E-Mail-Adresse info@agriturismofaucci.it tel.+39 392.0923678 SONIA SARDI Data Processing Manager.<br \/>\nInteressenten, die der Ansicht sind, dass die \u00fcber diesen Dienst durchgef\u00fchrte Verarbeitung ihrer personenbezogenen Daten gegen die Bestimmungen der Verordnung verst\u00f6\u00dft, haben das Recht, eine Beschwerde beim Garantiegeber einzureichen. 77 der gleichen Verordnung oder die entsprechenden richterlichen Sitze zu nehmen (Artikel 79 der Verordnung).\n\t\t\t\t\t<\/p>\n\t\t\t\t\t<p>K\u00dcNDIGUNG DES SERVICE<br \/>\nUm den Newsletter nicht mehr f\u00fcr kommerzielle Zwecke zu erhalten, senden Sie eine E-Mail an info@agriturismofaucci.it mit dem Betreff \"Newsletter cancellation\" oder klicken Sie auf den Link \"Unsubscribe\" unten in jeder empfangenen E-Mail.\n\t\t\t\t\t<\/p>\n\t\t\t\t\t<p>Bei technischen Problemen kann eine E-Mail-Benachrichtigung an info@agriturismofaucci.it gesendet werden\n\t\t\t\t\t<\/p>\n\t\t\t\t<\/div>\n\t\t\t<\/div>\n\t\t\t<div class=\"col-lg-12 col-md-12 col-sm-12\">\n\t\t\t\t<div class=\"form-group\">\n\t\t\t\t\t<p><span class=\"wpcf7-form-control-wrap\" data-name=\"privacy\"><span class=\"wpcf7-form-control wpcf7-acceptance\"><span class=\"wpcf7-list-item\"><input type=\"checkbox\" name=\"privacy\" value=\"1\" aria-invalid=\"false\" \/><\/span><\/span><\/span> Ich nehme die obigen Informationen zur Kenntnis\n\t\t\t\t\t<\/p>\n\t\t\t\t<\/div>\n\t\t\t<\/div>\n\t\t\t<div class=\"col-lg-4 col-md-4 col-sm-12\">\n\t\t\t<\/div>\n\t\t\t<div class=\"col-lg-4 col-md-4 col-sm-12\">\n\t\t\t\t<p><input class=\"wpcf7-form-control wpcf7-submit has-spinner\" type=\"submit\" value=\"ABONNIERT\" \/>\n\t\t\t\t<\/p>\n\t\t\t<\/div>\n\t\t\t<div class=\"col-lg-4 col-md-4 col-sm-12\">\n\t\t\t<\/div>\n\t\t<\/div>\n\t<div class=\"wpcf7-response-output\" aria-hidden=\"true\"><\/div>\n\t<\/div>\n<\/div>\n<\/form>\n<\/div>\n[\/vc_column][\/vc_row]<\/p>\n<\/div>","protected":false},"excerpt":{"rendered":"<p>[vc_row full_width=&#8221;stretch_row&#8221; el_class=&#8221;shadobot&#8221; css=&#8221;.vc_custom_1563809540249{background-image: url(https:\/\/www.agriturismofaucci.it\/wp-content\/uploads\/header_appartamenti.jpg?id=2357) !important;background-position: center !important;background-repeat: no-repeat !important;background-size: cover !important;}&#8221;][vc_column][vc_empty_space height=&#8221;400px&#8221;][\/vc_column][\/vc_row][vc_row full_width=&#8221;stretch_row&#8221; css=&#8221;.vc_custom_1570202024965{padding-bottom: 50px !important;background-color: #f2f2f2 !important;}&#8221;][vc_column][\/vc_column][\/vc_row]<\/p>\n","protected":false},"author":1,"featured_media":0,"parent":0,"menu_order":8,"comment_status":"closed","ping_status":"closed","template":"","meta":{"footnotes":""},"class_list":["post-3324","page","type-page","status-publish","hentry"],"yoast_head":"<!-- This site is optimized with the Yoast SEO plugin v25.5 - https:\/\/yoast.com\/wordpress\/plugins\/seo\/ -->\n<title>Newsletter Abonnieren - Agriturismo Faucci - Marina di Campo, Insel Elba<\/title>\n<meta name=\"robots\" content=\"noindex, nofollow\" \/>\n<meta property=\"og:locale\" content=\"de_DE\" \/>\n<meta property=\"og:type\" content=\"article\" \/>\n<meta property=\"og:title\" content=\"Newsletter Abonnieren - Agriturismo Faucci - Marina di Campo, Insel Elba\" \/>\n<meta property=\"og:description\" content=\"[vc_row full_width=&#8221;stretch_row&#8221; el_class=&#8221;shadobot&#8221; css=&#8221;.vc_custom_1563809540249{background-image: url(https:\/\/www.agriturismofaucci.it\/wp-content\/uploads\/header_appartamenti.jpg?id=2357) !important;background-position: center !important;background-repeat: no-repeat !important;background-size: cover !important;}&#8221;][vc_column][vc_empty_space height=&#8221;400px&#8221;][\/vc_column][\/vc_row][vc_row full_width=&#8221;stretch_row&#8221; css=&#8221;.vc_custom_1570202024965{padding-bottom: 50px !important;background-color: #f2f2f2 !important;}&#8221;][vc_column][\/vc_column][\/vc_row]\" \/>\n<meta property=\"og:url\" content=\"https:\/\/www.agriturismofaucci.it\/de\/newsletter-abonnieren\/\" \/>\n<meta property=\"og:site_name\" content=\"Agriturismo Faucci\" \/>\n<meta property=\"article:modified_time\" content=\"2019-10-04T15:06:15+00:00\" \/>\n<meta name=\"twitter:card\" content=\"summary_large_image\" \/>\n<script type=\"application\/ld+json\" class=\"yoast-schema-graph\">{\"@context\":\"https:\/\/schema.org\",\"@graph\":[{\"@type\":\"WebPage\",\"@id\":\"https:\/\/www.agriturismofaucci.it\/de\/newsletter-abonnieren\/\",\"url\":\"https:\/\/www.agriturismofaucci.it\/de\/newsletter-abonnieren\/\",\"name\":\"Newsletter Abonnieren - Agriturismo Faucci - Marina di Campo, Insel Elba\",\"isPartOf\":{\"@id\":\"https:\/\/www.agriturismofaucci.it\/de\/#website\"},\"datePublished\":\"2019-07-22T14:57:54+00:00\",\"dateModified\":\"2019-10-04T15:06:15+00:00\",\"breadcrumb\":{\"@id\":\"https:\/\/www.agriturismofaucci.it\/de\/newsletter-abonnieren\/#breadcrumb\"},\"inLanguage\":\"de\",\"potentialAction\":[{\"@type\":\"ReadAction\",\"target\":[\"https:\/\/www.agriturismofaucci.it\/de\/newsletter-abonnieren\/\"]}]},{\"@type\":\"BreadcrumbList\",\"@id\":\"https:\/\/www.agriturismofaucci.it\/de\/newsletter-abonnieren\/#breadcrumb\",\"itemListElement\":[{\"@type\":\"ListItem\",\"position\":1,\"name\":\"Home\",\"item\":\"https:\/\/www.agriturismofaucci.it\/de\/\"},{\"@type\":\"ListItem\",\"position\":2,\"name\":\"Newsletter Abonnieren\"}]},{\"@type\":\"WebSite\",\"@id\":\"https:\/\/www.agriturismofaucci.it\/de\/#website\",\"url\":\"https:\/\/www.agriturismofaucci.it\/de\/\",\"name\":\"Agriturismo Faucci\",\"description\":\"Appartamenti e case vacanze all&#039;Isola d&#039;Elba\",\"potentialAction\":[{\"@type\":\"SearchAction\",\"target\":{\"@type\":\"EntryPoint\",\"urlTemplate\":\"https:\/\/www.agriturismofaucci.it\/de\/?s={search_term_string}\"},\"query-input\":{\"@type\":\"PropertyValueSpecification\",\"valueRequired\":true,\"valueName\":\"search_term_string\"}}],\"inLanguage\":\"de\"}]}<\/script>\n<!-- \/ Yoast SEO plugin. -->","yoast_head_json":{"title":"Newsletter Abonnieren - Agriturismo Faucci - Marina di Campo, Insel Elba","robots":{"index":"noindex","follow":"nofollow"},"og_locale":"de_DE","og_type":"article","og_title":"Newsletter Abonnieren - Agriturismo Faucci - Marina di Campo, Insel Elba","og_description":"[vc_row full_width=&#8221;stretch_row&#8221; el_class=&#8221;shadobot&#8221; css=&#8221;.vc_custom_1563809540249{background-image: url(https:\/\/www.agriturismofaucci.it\/wp-content\/uploads\/header_appartamenti.jpg?id=2357) !important;background-position: center !important;background-repeat: no-repeat !important;background-size: cover !important;}&#8221;][vc_column][vc_empty_space height=&#8221;400px&#8221;][\/vc_column][\/vc_row][vc_row full_width=&#8221;stretch_row&#8221; css=&#8221;.vc_custom_1570202024965{padding-bottom: 50px !important;background-color: #f2f2f2 !important;}&#8221;][vc_column][\/vc_column][\/vc_row]","og_url":"https:\/\/www.agriturismofaucci.it\/de\/newsletter-abonnieren\/","og_site_name":"Agriturismo Faucci","article_modified_time":"2019-10-04T15:06:15+00:00","twitter_card":"summary_large_image","schema":{"@context":"https:\/\/schema.org","@graph":[{"@type":"WebPage","@id":"https:\/\/www.agriturismofaucci.it\/de\/newsletter-abonnieren\/","url":"https:\/\/www.agriturismofaucci.it\/de\/newsletter-abonnieren\/","name":"Newsletter Abonnieren - Agriturismo Faucci - Marina di Campo, Insel Elba","isPartOf":{"@id":"https:\/\/www.agriturismofaucci.it\/de\/#website"},"datePublished":"2019-07-22T14:57:54+00:00","dateModified":"2019-10-04T15:06:15+00:00","breadcrumb":{"@id":"https:\/\/www.agriturismofaucci.it\/de\/newsletter-abonnieren\/#breadcrumb"},"inLanguage":"de","potentialAction":[{"@type":"ReadAction","target":["https:\/\/www.agriturismofaucci.it\/de\/newsletter-abonnieren\/"]}]},{"@type":"BreadcrumbList","@id":"https:\/\/www.agriturismofaucci.it\/de\/newsletter-abonnieren\/#breadcrumb","itemListElement":[{"@type":"ListItem","position":1,"name":"Home","item":"https:\/\/www.agriturismofaucci.it\/de\/"},{"@type":"ListItem","position":2,"name":"Newsletter Abonnieren"}]},{"@type":"WebSite","@id":"https:\/\/www.agriturismofaucci.it\/de\/#website","url":"https:\/\/www.agriturismofaucci.it\/de\/","name":"Agriturismo Faucci","description":"Appartamenti e case vacanze all&#039;Isola d&#039;Elba","potentialAction":[{"@type":"SearchAction","target":{"@type":"EntryPoint","urlTemplate":"https:\/\/www.agriturismofaucci.it\/de\/?s={search_term_string}"},"query-input":{"@type":"PropertyValueSpecification","valueRequired":true,"valueName":"search_term_string"}}],"inLanguage":"de"}]}},"_links":{"self":[{"href":"https:\/\/www.agriturismofaucci.it\/de\/wp-json\/wp\/v2\/pages\/3324","targetHints":{"allow":["GET"]}}],"collection":[{"href":"https:\/\/www.agriturismofaucci.it\/de\/wp-json\/wp\/v2\/pages"}],"about":[{"href":"https:\/\/www.agriturismofaucci.it\/de\/wp-json\/wp\/v2\/types\/page"}],"author":[{"embeddable":true,"href":"https:\/\/www.agriturismofaucci.it\/de\/wp-json\/wp\/v2\/users\/1"}],"replies":[{"embeddable":true,"href":"https:\/\/www.agriturismofaucci.it\/de\/wp-json\/wp\/v2\/comments?post=3324"}],"version-history":[{"count":5,"href":"https:\/\/www.agriturismofaucci.it\/de\/wp-json\/wp\/v2\/pages\/3324\/revisions"}],"predecessor-version":[{"id":3440,"href":"https:\/\/www.agriturismofaucci.it\/de\/wp-json\/wp\/v2\/pages\/3324\/revisions\/3440"}],"wp:attachment":[{"href":"https:\/\/www.agriturismofaucci.it\/de\/wp-json\/wp\/v2\/media?parent=3324"}],"curies":[{"name":"wp","href":"https:\/\/api.w.org\/{rel}","templated":true}]}}