{"id":3268,"date":"2019-07-15T09:18:13","date_gmt":"2019-07-15T07:18:13","guid":{"rendered":"https:\/\/www.agriturismofaucci.it\/lage\/marina-di-campo\/"},"modified":"2019-08-21T15:22:00","modified_gmt":"2019-08-21T13:22:00","slug":"marina-di-campo","status":"publish","type":"page","link":"https:\/\/www.agriturismofaucci.it\/de\/lage\/marina-di-campo\/","title":{"rendered":"Marina di Campo"},"content":{"rendered":"<div class=\"wpb-content-wrapper\"><p>[vc_row full_width=&#8221;stretch_row&#8221; el_class=&#8221;shadobot&#8221;][vc_column][vc_empty_space height=&#8221;400px&#8221;][\/vc_column][\/vc_row][vc_row full_width=&#8221;stretch_row&#8221; css=&#8221;.vc_custom_1562769702976{background-color: #f2f2f2 !important;}&#8221;][vc_column]<div class=\"rt-vc-text-title  style1\" style=\"\">\n\t\t\t<h2 class=\"rtin-title\">Marina di Campo<\/h2>\n\t\t\t\t<p class=\"rtin-content\">Marina di Campo ist ein Dorf an der S\u00fcdk\u00fcste der Insel Elba. Es bietet einen sch\u00f6nen Strand mit feinem goldenen Sand, der sich \u00fcber ungef\u00e4hr 1500 Meter erstreckt. Der Strand bietet sowohl Strecken, die mit Badeanstalten ausgestattet sind, als auch freie Strecken zum Baden.<\/p>\n<p>Am rechten Ende des Golfs befindet sich ein Hafen mit Fischerbooten und kleineren Booten, sowie Motorboot, mit denen man einen Tagesausflug zur Insel Pianosa machen kann oder Str\u00e4nde und unber\u00fchrte Buchten zu entdecken, welche unm\u00f6glich sind auf dem Landweg zu erreichen.<\/p>\n<p>Das historische Zentrum von Marina di Campo befindet sich rund um den Touristenhafen, wo das Scalinate-Viertel entstand, heute hat die renommierte Uhrenfirma Locman ihren Sitz dort.<\/p>\n<p>Es gibt zwei Hauptstra\u00dfen, die das Dorf durchqueren (Via Roma und Via Marconi), wo sich Boutiquen, Restaurants, Bars und verschiedene Gesch\u00e4fte zum Einkaufen befinden. Mittwochmorgens findet der Markt auf dem Hauptplatz am Eingang des Dorfes statt.<\/p>\n<p>Marina di Campo bietet ausgezeichnete Restaurants, Clubs und verschiedene unterhaltsame Attraktionen, einschlie\u00dflich Go-Kart-Piste, Diskothek, Piano-Bar, Cocktail- und Loungebar, Kinderparadies mit Trampolin und Gummischloss.<\/p>\n\t\t<\/div>[\/vc_column][\/vc_row][vc_row full_width=&#8221;stretch_row&#8221; disable_element=&#8221;yes&#8221; css=&#8221;.vc_custom_1563175665866{padding-bottom: 40px !important;background-color: #f2f2f2 !important;}&#8221;][vc_column][vc_media_grid element_width=&#8221;3&#8243; gap=&#8221;10&#8243; item=&#8221;masonryMedia_ScaleWithRotationLight&#8221; grid_id=&#8221;vc_gid:1566393969929-126d530a-d5ff-0&#8243; include=&#8221;2489,2492,2495,2498,2501,2504,2507,2510&#8243;][\/vc_column][\/vc_row][vc_row full_width=&#8221;stretch_row&#8221; css=&#8221;.vc_custom_1563972105701{padding-top: 60px !important;padding-bottom: 100px !important;background-image: url(https:\/\/www.agriturismofaucci.it\/wp-content\/uploads\/bg_olive_green.jpg?id=3013) !important;}&#8221; el_class=&#8221;vc-bgimg-top&#8221;][vc_column css=&#8221;.vc_custom_1536746437759{margin-top: 85px !important;}&#8221;]<div class=\"rt-vc-text-button rtin-dark\">\n\t<h2 class=\"rtin-title\">Urlaub zwischen Meer, Strand und Natur.<\/h2>\n\t<h3 class=\"rtin-subtitle\">Saisoner\u00f6ffnung vom 15\/04 bis 15\/10<\/h3>\n\t\t\t<div class=\"rtin-btn\"><a href=\"\/de\/newsletter-abonnieren\/\">NEWSLETTER ABONNIEREN<\/a><\/div>\n\t<\/div>[\/vc_column][\/vc_row]<\/p>\n<\/div>","protected":false},"excerpt":{"rendered":"<p>[vc_row full_width=&#8221;stretch_row&#8221; el_class=&#8221;shadobot&#8221;][vc_column][vc_empty_space height=&#8221;400px&#8221;][\/vc_column][\/vc_row][vc_row full_width=&#8221;stretch_row&#8221; css=&#8221;.vc_custom_1562769702976{background-color: #f2f2f2 !important;}&#8221;][vc_column][\/vc_column][\/vc_row][vc_row full_width=&#8221;stretch_row&#8221; disable_element=&#8221;yes&#8221; css=&#8221;.vc_custom_1563175665866{padding-bottom: 40px !important;background-color: #f2f2f2 !important;}&#8221;][vc_column][vc_media_grid element_width=&#8221;3&#8243; gap=&#8221;10&#8243; item=&#8221;masonryMedia_ScaleWithRotationLight&#8221; grid_id=&#8221;vc_gid:1566393969929-126d530a-d5ff-0&#8243; include=&#8221;2489,2492,2495,2498,2501,2504,2507,2510&#8243;][\/vc_column][\/vc_row][vc_row full_width=&#8221;stretch_row&#8221; css=&#8221;.vc_custom_1563972105701{padding-top: 60px !important;padding-bottom: 100px !important;background-image: url(https:\/\/www.agriturismofaucci.it\/wp-content\/uploads\/bg_olive_green.jpg?id=3013) !important;}&#8221; el_class=&#8221;vc-bgimg-top&#8221;][vc_column css=&#8221;.vc_custom_1536746437759{margin-top: 85px !important;}&#8221;][\/vc_column][\/vc_row]<\/p>\n","protected":false},"author":1,"featured_media":0,"parent":3260,"menu_order":1,"comment_status":"closed","ping_status":"closed","template":"","meta":{"footnotes":""},"class_list":["post-3268","page","type-page","status-publish","hentry"],"yoast_head":"<!-- This site is optimized with the Yoast SEO plugin v25.5 - https:\/\/yoast.com\/wordpress\/plugins\/seo\/ -->\n<title>Marina di Campo, Insel Elba - Agriturismo Faucci<\/title>\n<meta name=\"description\" content=\"Marina di Campo ist ein Dorf an der S\u00fcdk\u00fcste der Insel Elba. Es bietet einen sch\u00f6nen Strand mit feinem goldenen Sand, der sich \u00fcber ungef\u00e4hr 1500 Meter erstreckt.\" \/>\n<meta name=\"robots\" content=\"index, follow, max-snippet:-1, max-image-preview:large, max-video-preview:-1\" \/>\n<link rel=\"canonical\" href=\"https:\/\/www.agriturismofaucci.it\/de\/lage\/marina-di-campo\/\" \/>\n<meta property=\"og:locale\" content=\"de_DE\" \/>\n<meta property=\"og:type\" content=\"article\" \/>\n<meta property=\"og:title\" content=\"Marina di Campo, Insel Elba - Agriturismo Faucci\" \/>\n<meta property=\"og:description\" content=\"Marina di Campo ist ein Dorf an der S\u00fcdk\u00fcste der Insel Elba. Es bietet einen sch\u00f6nen Strand mit feinem goldenen Sand, der sich \u00fcber ungef\u00e4hr 1500 Meter erstreckt.\" \/>\n<meta property=\"og:url\" content=\"https:\/\/www.agriturismofaucci.it\/de\/lage\/marina-di-campo\/\" \/>\n<meta property=\"og:site_name\" content=\"Agriturismo Faucci\" \/>\n<meta property=\"article:modified_time\" content=\"2019-08-21T13:22:00+00:00\" \/>\n<meta name=\"twitter:card\" content=\"summary_large_image\" \/>\n<meta name=\"twitter:label1\" content=\"Gesch\u00e4tzte Lesezeit\" \/>\n\t<meta name=\"twitter:data1\" content=\"2\u00a0Minuten\" \/>\n<script type=\"application\/ld+json\" class=\"yoast-schema-graph\">{\"@context\":\"https:\/\/schema.org\",\"@graph\":[{\"@type\":\"WebPage\",\"@id\":\"https:\/\/www.agriturismofaucci.it\/de\/lage\/marina-di-campo\/\",\"url\":\"https:\/\/www.agriturismofaucci.it\/de\/lage\/marina-di-campo\/\",\"name\":\"Marina di Campo, Insel Elba - Agriturismo Faucci\",\"isPartOf\":{\"@id\":\"https:\/\/www.agriturismofaucci.it\/de\/#website\"},\"datePublished\":\"2019-07-15T07:18:13+00:00\",\"dateModified\":\"2019-08-21T13:22:00+00:00\",\"description\":\"Marina di Campo ist ein Dorf an der S\u00fcdk\u00fcste der Insel Elba. Es bietet einen sch\u00f6nen Strand mit feinem goldenen Sand, der sich \u00fcber ungef\u00e4hr 1500 Meter erstreckt.\",\"breadcrumb\":{\"@id\":\"https:\/\/www.agriturismofaucci.it\/de\/lage\/marina-di-campo\/#breadcrumb\"},\"inLanguage\":\"de\",\"potentialAction\":[{\"@type\":\"ReadAction\",\"target\":[\"https:\/\/www.agriturismofaucci.it\/de\/lage\/marina-di-campo\/\"]}]},{\"@type\":\"BreadcrumbList\",\"@id\":\"https:\/\/www.agriturismofaucci.it\/de\/lage\/marina-di-campo\/#breadcrumb\",\"itemListElement\":[{\"@type\":\"ListItem\",\"position\":1,\"name\":\"Home\",\"item\":\"https:\/\/www.agriturismofaucci.it\/de\/\"},{\"@type\":\"ListItem\",\"position\":2,\"name\":\"Lage\",\"item\":\"https:\/\/www.agriturismofaucci.it\/de\/lage\/\"},{\"@type\":\"ListItem\",\"position\":3,\"name\":\"Marina di Campo\"}]},{\"@type\":\"WebSite\",\"@id\":\"https:\/\/www.agriturismofaucci.it\/de\/#website\",\"url\":\"https:\/\/www.agriturismofaucci.it\/de\/\",\"name\":\"Agriturismo Faucci\",\"description\":\"Appartamenti e case vacanze all&#039;Isola d&#039;Elba\",\"potentialAction\":[{\"@type\":\"SearchAction\",\"target\":{\"@type\":\"EntryPoint\",\"urlTemplate\":\"https:\/\/www.agriturismofaucci.it\/de\/?s={search_term_string}\"},\"query-input\":{\"@type\":\"PropertyValueSpecification\",\"valueRequired\":true,\"valueName\":\"search_term_string\"}}],\"inLanguage\":\"de\"}]}<\/script>\n<!-- \/ Yoast SEO plugin. -->","yoast_head_json":{"title":"Marina di Campo, Insel Elba - Agriturismo Faucci","description":"Marina di Campo ist ein Dorf an der S\u00fcdk\u00fcste der Insel Elba. Es bietet einen sch\u00f6nen Strand mit feinem goldenen Sand, der sich \u00fcber ungef\u00e4hr 1500 Meter erstreckt.","robots":{"index":"index","follow":"follow","max-snippet":"max-snippet:-1","max-image-preview":"max-image-preview:large","max-video-preview":"max-video-preview:-1"},"canonical":"https:\/\/www.agriturismofaucci.it\/de\/lage\/marina-di-campo\/","og_locale":"de_DE","og_type":"article","og_title":"Marina di Campo, Insel Elba - Agriturismo Faucci","og_description":"Marina di Campo ist ein Dorf an der S\u00fcdk\u00fcste der Insel Elba. Es bietet einen sch\u00f6nen Strand mit feinem goldenen Sand, der sich \u00fcber ungef\u00e4hr 1500 Meter erstreckt.","og_url":"https:\/\/www.agriturismofaucci.it\/de\/lage\/marina-di-campo\/","og_site_name":"Agriturismo Faucci","article_modified_time":"2019-08-21T13:22:00+00:00","twitter_card":"summary_large_image","twitter_misc":{"Gesch\u00e4tzte Lesezeit":"2\u00a0Minuten"},"schema":{"@context":"https:\/\/schema.org","@graph":[{"@type":"WebPage","@id":"https:\/\/www.agriturismofaucci.it\/de\/lage\/marina-di-campo\/","url":"https:\/\/www.agriturismofaucci.it\/de\/lage\/marina-di-campo\/","name":"Marina di Campo, Insel Elba - Agriturismo Faucci","isPartOf":{"@id":"https:\/\/www.agriturismofaucci.it\/de\/#website"},"datePublished":"2019-07-15T07:18:13+00:00","dateModified":"2019-08-21T13:22:00+00:00","description":"Marina di Campo ist ein Dorf an der S\u00fcdk\u00fcste der Insel Elba. Es bietet einen sch\u00f6nen Strand mit feinem goldenen Sand, der sich \u00fcber ungef\u00e4hr 1500 Meter erstreckt.","breadcrumb":{"@id":"https:\/\/www.agriturismofaucci.it\/de\/lage\/marina-di-campo\/#breadcrumb"},"inLanguage":"de","potentialAction":[{"@type":"ReadAction","target":["https:\/\/www.agriturismofaucci.it\/de\/lage\/marina-di-campo\/"]}]},{"@type":"BreadcrumbList","@id":"https:\/\/www.agriturismofaucci.it\/de\/lage\/marina-di-campo\/#breadcrumb","itemListElement":[{"@type":"ListItem","position":1,"name":"Home","item":"https:\/\/www.agriturismofaucci.it\/de\/"},{"@type":"ListItem","position":2,"name":"Lage","item":"https:\/\/www.agriturismofaucci.it\/de\/lage\/"},{"@type":"ListItem","position":3,"name":"Marina di Campo"}]},{"@type":"WebSite","@id":"https:\/\/www.agriturismofaucci.it\/de\/#website","url":"https:\/\/www.agriturismofaucci.it\/de\/","name":"Agriturismo Faucci","description":"Appartamenti e case vacanze all&#039;Isola d&#039;Elba","potentialAction":[{"@type":"SearchAction","target":{"@type":"EntryPoint","urlTemplate":"https:\/\/www.agriturismofaucci.it\/de\/?s={search_term_string}"},"query-input":{"@type":"PropertyValueSpecification","valueRequired":true,"valueName":"search_term_string"}}],"inLanguage":"de"}]}},"_links":{"self":[{"href":"https:\/\/www.agriturismofaucci.it\/de\/wp-json\/wp\/v2\/pages\/3268","targetHints":{"allow":["GET"]}}],"collection":[{"href":"https:\/\/www.agriturismofaucci.it\/de\/wp-json\/wp\/v2\/pages"}],"about":[{"href":"https:\/\/www.agriturismofaucci.it\/de\/wp-json\/wp\/v2\/types\/page"}],"author":[{"embeddable":true,"href":"https:\/\/www.agriturismofaucci.it\/de\/wp-json\/wp\/v2\/users\/1"}],"replies":[{"embeddable":true,"href":"https:\/\/www.agriturismofaucci.it\/de\/wp-json\/wp\/v2\/comments?post=3268"}],"version-history":[{"count":2,"href":"https:\/\/www.agriturismofaucci.it\/de\/wp-json\/wp\/v2\/pages\/3268\/revisions"}],"predecessor-version":[{"id":3270,"href":"https:\/\/www.agriturismofaucci.it\/de\/wp-json\/wp\/v2\/pages\/3268\/revisions\/3270"}],"up":[{"embeddable":true,"href":"https:\/\/www.agriturismofaucci.it\/de\/wp-json\/wp\/v2\/pages\/3260"}],"wp:attachment":[{"href":"https:\/\/www.agriturismofaucci.it\/de\/wp-json\/wp\/v2\/media?parent=3268"}],"curies":[{"name":"wp","href":"https:\/\/api.w.org\/{rel}","templated":true}]}}