{"id":3200,"date":"2019-07-11T09:16:19","date_gmt":"2019-07-11T07:16:19","guid":{"rendered":"https:\/\/www.agriturismofaucci.it\/wohnungen\/casa-sonia\/"},"modified":"2019-08-08T15:53:22","modified_gmt":"2019-08-08T13:53:22","slug":"casa-sonia","status":"publish","type":"page","link":"https:\/\/www.agriturismofaucci.it\/de\/wohnungen\/casa-sonia\/","title":{"rendered":"Casa Sonia"},"content":{"rendered":"<div class=\"wpb-content-wrapper\"><p>[vc_row full_width=&#8221;stretch_row&#8221; css=&#8221;.vc_custom_1562926922091{background-image: url(https:\/\/www.agriturismofaucci.it\/wp-content\/uploads\/header_appartamenti.jpg?id=2357) !important;background-position: center !important;background-repeat: no-repeat !important;background-size: cover !important;}&#8221; el_class=&#8221;shadobot&#8221;][vc_column][vc_empty_space height=&#8221;400px&#8221;][\/vc_column][\/vc_row][vc_row full_width=&#8221;stretch_row&#8221; css=&#8221;.vc_custom_1562769702976{background-color: #f2f2f2 !important;}&#8221;][vc_column]<div class=\"rt-vc-text-title  style1\" style=\"\">\n\t\t\t<h2 class=\"rtin-title\">Casa Sonia<\/h2>\n\t\t\t\t<p class=\"rtin-content\">Das ger\u00e4umige und helle Apartment befindet sich im ersten Stock des Bauernhauses und besteht aus einem Eingangsbereich mit einem gro\u00dfen Wohnzimmer, einem Esszimmer, einer K\u00fcchenzeile, zwei Schlafzimmern, einem kompletten Badezimmer und einem WC (ohne Dusche).<\/p>\n\t\t<\/div>[\/vc_column][\/vc_row][vc_row full_width=&#8221;stretch_row&#8221; css=&#8221;.vc_custom_1562832261943{padding-bottom: 40px !important;background-color: #f2f2f2 !important;}&#8221;][vc_column][vc_media_grid element_width=&#8221;3&#8243; gap=&#8221;10&#8243; item=&#8221;masonryMedia_ScaleWithRotationLight&#8221; grid_id=&#8221;vc_gid:1565272328150-3b55847a-edbc-9&#8243; include=&#8221;2795,2798,2801,2804,2807,2810,2813,2816,2819,2822,2825,2828&#8243;][\/vc_column][\/vc_row][vc_row full_width=&#8221;stretch_row&#8221; css=&#8221;.vc_custom_1563970765539{padding-top: 60px !important;padding-bottom: 100px !important;background-image: url(https:\/\/www.agriturismofaucci.it\/wp-content\/uploads\/bg_olive_green.jpg?id=3013) !important;}&#8221; el_class=&#8221;vc-bgimg-top&#8221;][vc_column css=&#8221;.vc_custom_1536746437759{margin-top: 85px !important;}&#8221;]<div class=\"rt-vc-text-button rtin-dark\">\n\t<h2 class=\"rtin-title\">Urlaub zwischen Meer, Strand und Natur.<\/h2>\n\t<h3 class=\"rtin-subtitle\">Saisoner\u00f6ffnung vom 15\/04 bis 15\/10<\/h3>\n\t\t\t<div class=\"rtin-btn\"><a href=\"\/de\/anfragen\/\">FORDERN SIE EIN KOSTENLOSES ANGEBOT AN<\/a><\/div>\n\t<\/div>[\/vc_column][\/vc_row]<\/p>\n<\/div>","protected":false},"excerpt":{"rendered":"<p>[vc_row full_width=&#8221;stretch_row&#8221; css=&#8221;.vc_custom_1562926922091{background-image: url(https:\/\/www.agriturismofaucci.it\/wp-content\/uploads\/header_appartamenti.jpg?id=2357) !important;background-position: center !important;background-repeat: no-repeat !important;background-size: cover !important;}&#8221; el_class=&#8221;shadobot&#8221;][vc_column][vc_empty_space height=&#8221;400px&#8221;][\/vc_column][\/vc_row][vc_row full_width=&#8221;stretch_row&#8221; css=&#8221;.vc_custom_1562769702976{background-color: #f2f2f2 !important;}&#8221;][vc_column][\/vc_column][\/vc_row][vc_row full_width=&#8221;stretch_row&#8221; css=&#8221;.vc_custom_1562832261943{padding-bottom: 40px !important;background-color: #f2f2f2 !important;}&#8221;][vc_column][vc_media_grid element_width=&#8221;3&#8243; gap=&#8221;10&#8243; item=&#8221;masonryMedia_ScaleWithRotationLight&#8221; grid_id=&#8221;vc_gid:1565272328150-3b55847a-edbc-9&#8243; include=&#8221;2795,2798,2801,2804,2807,2810,2813,2816,2819,2822,2825,2828&#8243;][\/vc_column][\/vc_row][vc_row full_width=&#8221;stretch_row&#8221; css=&#8221;.vc_custom_1563970765539{padding-top: 60px !important;padding-bottom: 100px !important;background-image: url(https:\/\/www.agriturismofaucci.it\/wp-content\/uploads\/bg_olive_green.jpg?id=3013) !important;}&#8221; el_class=&#8221;vc-bgimg-top&#8221;][vc_column css=&#8221;.vc_custom_1536746437759{margin-top: 85px !important;}&#8221;][\/vc_column][\/vc_row]<\/p>\n","protected":false},"author":1,"featured_media":0,"parent":3192,"menu_order":1,"comment_status":"closed","ping_status":"closed","template":"","meta":{"footnotes":""},"class_list":["post-3200","page","type-page","status-publish","hentry"],"yoast_head":"<!-- This site is optimized with the Yoast SEO plugin v25.5 - https:\/\/yoast.com\/wordpress\/plugins\/seo\/ -->\n<title>Casa Sonia - Agriturismo Faucci - Marina di Campo, Insel Elba<\/title>\n<meta name=\"description\" content=\"Das ger\u00e4umige und helle Apartment besteht aus einem gro\u00dfen Wohnzimmer, einem Esszimmer, einer K\u00fcchenzeile, zwei Schlafzimmern, einem kompletten Badezimmer und einem WC.\" \/>\n<meta name=\"robots\" content=\"index, follow, max-snippet:-1, max-image-preview:large, max-video-preview:-1\" \/>\n<link rel=\"canonical\" href=\"https:\/\/www.agriturismofaucci.it\/de\/wohnungen\/casa-sonia\/\" \/>\n<meta property=\"og:locale\" content=\"de_DE\" \/>\n<meta property=\"og:type\" content=\"article\" \/>\n<meta property=\"og:title\" content=\"Casa Sonia - Agriturismo Faucci - Marina di Campo, Insel Elba\" \/>\n<meta property=\"og:description\" content=\"Das ger\u00e4umige und helle Apartment besteht aus einem gro\u00dfen Wohnzimmer, einem Esszimmer, einer K\u00fcchenzeile, zwei Schlafzimmern, einem kompletten Badezimmer und einem WC.\" \/>\n<meta property=\"og:url\" content=\"https:\/\/www.agriturismofaucci.it\/de\/wohnungen\/casa-sonia\/\" \/>\n<meta property=\"og:site_name\" content=\"Agriturismo Faucci\" \/>\n<meta property=\"article:modified_time\" content=\"2019-08-08T13:53:22+00:00\" \/>\n<meta name=\"twitter:card\" content=\"summary_large_image\" \/>\n<meta name=\"twitter:label1\" content=\"Gesch\u00e4tzte Lesezeit\" \/>\n\t<meta name=\"twitter:data1\" content=\"1\u00a0Minute\" \/>\n<script type=\"application\/ld+json\" class=\"yoast-schema-graph\">{\"@context\":\"https:\/\/schema.org\",\"@graph\":[{\"@type\":\"WebPage\",\"@id\":\"https:\/\/www.agriturismofaucci.it\/de\/wohnungen\/casa-sonia\/\",\"url\":\"https:\/\/www.agriturismofaucci.it\/de\/wohnungen\/casa-sonia\/\",\"name\":\"Casa Sonia - Agriturismo Faucci - Marina di Campo, Insel Elba\",\"isPartOf\":{\"@id\":\"https:\/\/www.agriturismofaucci.it\/de\/#website\"},\"datePublished\":\"2019-07-11T07:16:19+00:00\",\"dateModified\":\"2019-08-08T13:53:22+00:00\",\"description\":\"Das ger\u00e4umige und helle Apartment besteht aus einem gro\u00dfen Wohnzimmer, einem Esszimmer, einer K\u00fcchenzeile, zwei Schlafzimmern, einem kompletten Badezimmer und einem WC.\",\"breadcrumb\":{\"@id\":\"https:\/\/www.agriturismofaucci.it\/de\/wohnungen\/casa-sonia\/#breadcrumb\"},\"inLanguage\":\"de\",\"potentialAction\":[{\"@type\":\"ReadAction\",\"target\":[\"https:\/\/www.agriturismofaucci.it\/de\/wohnungen\/casa-sonia\/\"]}]},{\"@type\":\"BreadcrumbList\",\"@id\":\"https:\/\/www.agriturismofaucci.it\/de\/wohnungen\/casa-sonia\/#breadcrumb\",\"itemListElement\":[{\"@type\":\"ListItem\",\"position\":1,\"name\":\"Home\",\"item\":\"https:\/\/www.agriturismofaucci.it\/de\/\"},{\"@type\":\"ListItem\",\"position\":2,\"name\":\"Wohnungen\",\"item\":\"https:\/\/www.agriturismofaucci.it\/de\/wohnungen\/\"},{\"@type\":\"ListItem\",\"position\":3,\"name\":\"Casa Sonia\"}]},{\"@type\":\"WebSite\",\"@id\":\"https:\/\/www.agriturismofaucci.it\/de\/#website\",\"url\":\"https:\/\/www.agriturismofaucci.it\/de\/\",\"name\":\"Agriturismo Faucci\",\"description\":\"Appartamenti e case vacanze all&#039;Isola d&#039;Elba\",\"potentialAction\":[{\"@type\":\"SearchAction\",\"target\":{\"@type\":\"EntryPoint\",\"urlTemplate\":\"https:\/\/www.agriturismofaucci.it\/de\/?s={search_term_string}\"},\"query-input\":{\"@type\":\"PropertyValueSpecification\",\"valueRequired\":true,\"valueName\":\"search_term_string\"}}],\"inLanguage\":\"de\"}]}<\/script>\n<!-- \/ Yoast SEO plugin. -->","yoast_head_json":{"title":"Casa Sonia - Agriturismo Faucci - Marina di Campo, Insel Elba","description":"Das ger\u00e4umige und helle Apartment besteht aus einem gro\u00dfen Wohnzimmer, einem Esszimmer, einer K\u00fcchenzeile, zwei Schlafzimmern, einem kompletten Badezimmer und einem WC.","robots":{"index":"index","follow":"follow","max-snippet":"max-snippet:-1","max-image-preview":"max-image-preview:large","max-video-preview":"max-video-preview:-1"},"canonical":"https:\/\/www.agriturismofaucci.it\/de\/wohnungen\/casa-sonia\/","og_locale":"de_DE","og_type":"article","og_title":"Casa Sonia - Agriturismo Faucci - Marina di Campo, Insel Elba","og_description":"Das ger\u00e4umige und helle Apartment besteht aus einem gro\u00dfen Wohnzimmer, einem Esszimmer, einer K\u00fcchenzeile, zwei Schlafzimmern, einem kompletten Badezimmer und einem WC.","og_url":"https:\/\/www.agriturismofaucci.it\/de\/wohnungen\/casa-sonia\/","og_site_name":"Agriturismo Faucci","article_modified_time":"2019-08-08T13:53:22+00:00","twitter_card":"summary_large_image","twitter_misc":{"Gesch\u00e4tzte Lesezeit":"1\u00a0Minute"},"schema":{"@context":"https:\/\/schema.org","@graph":[{"@type":"WebPage","@id":"https:\/\/www.agriturismofaucci.it\/de\/wohnungen\/casa-sonia\/","url":"https:\/\/www.agriturismofaucci.it\/de\/wohnungen\/casa-sonia\/","name":"Casa Sonia - Agriturismo Faucci - Marina di Campo, Insel Elba","isPartOf":{"@id":"https:\/\/www.agriturismofaucci.it\/de\/#website"},"datePublished":"2019-07-11T07:16:19+00:00","dateModified":"2019-08-08T13:53:22+00:00","description":"Das ger\u00e4umige und helle Apartment besteht aus einem gro\u00dfen Wohnzimmer, einem Esszimmer, einer K\u00fcchenzeile, zwei Schlafzimmern, einem kompletten Badezimmer und einem WC.","breadcrumb":{"@id":"https:\/\/www.agriturismofaucci.it\/de\/wohnungen\/casa-sonia\/#breadcrumb"},"inLanguage":"de","potentialAction":[{"@type":"ReadAction","target":["https:\/\/www.agriturismofaucci.it\/de\/wohnungen\/casa-sonia\/"]}]},{"@type":"BreadcrumbList","@id":"https:\/\/www.agriturismofaucci.it\/de\/wohnungen\/casa-sonia\/#breadcrumb","itemListElement":[{"@type":"ListItem","position":1,"name":"Home","item":"https:\/\/www.agriturismofaucci.it\/de\/"},{"@type":"ListItem","position":2,"name":"Wohnungen","item":"https:\/\/www.agriturismofaucci.it\/de\/wohnungen\/"},{"@type":"ListItem","position":3,"name":"Casa Sonia"}]},{"@type":"WebSite","@id":"https:\/\/www.agriturismofaucci.it\/de\/#website","url":"https:\/\/www.agriturismofaucci.it\/de\/","name":"Agriturismo Faucci","description":"Appartamenti e case vacanze all&#039;Isola d&#039;Elba","potentialAction":[{"@type":"SearchAction","target":{"@type":"EntryPoint","urlTemplate":"https:\/\/www.agriturismofaucci.it\/de\/?s={search_term_string}"},"query-input":{"@type":"PropertyValueSpecification","valueRequired":true,"valueName":"search_term_string"}}],"inLanguage":"de"}]}},"_links":{"self":[{"href":"https:\/\/www.agriturismofaucci.it\/de\/wp-json\/wp\/v2\/pages\/3200","targetHints":{"allow":["GET"]}}],"collection":[{"href":"https:\/\/www.agriturismofaucci.it\/de\/wp-json\/wp\/v2\/pages"}],"about":[{"href":"https:\/\/www.agriturismofaucci.it\/de\/wp-json\/wp\/v2\/types\/page"}],"author":[{"embeddable":true,"href":"https:\/\/www.agriturismofaucci.it\/de\/wp-json\/wp\/v2\/users\/1"}],"replies":[{"embeddable":true,"href":"https:\/\/www.agriturismofaucci.it\/de\/wp-json\/wp\/v2\/comments?post=3200"}],"version-history":[{"count":2,"href":"https:\/\/www.agriturismofaucci.it\/de\/wp-json\/wp\/v2\/pages\/3200\/revisions"}],"predecessor-version":[{"id":3202,"href":"https:\/\/www.agriturismofaucci.it\/de\/wp-json\/wp\/v2\/pages\/3200\/revisions\/3202"}],"up":[{"embeddable":true,"href":"https:\/\/www.agriturismofaucci.it\/de\/wp-json\/wp\/v2\/pages\/3192"}],"wp:attachment":[{"href":"https:\/\/www.agriturismofaucci.it\/de\/wp-json\/wp\/v2\/media?parent=3200"}],"curies":[{"name":"wp","href":"https:\/\/api.w.org\/{rel}","templated":true}]}}